{"id":9278,"date":"2022-12-10T15:50:17","date_gmt":"2022-12-10T14:50:17","guid":{"rendered":"https:\/\/kamimadesign.com\/produkt\/gold-earrings-black-orchid-mini\/"},"modified":"2026-04-25T00:10:55","modified_gmt":"2026-04-24T22:10:55","slug":"gold-earrings-black-orchid-mini","status":"publish","type":"product","link":"https:\/\/kamimadesign.com\/en\/produkt\/gold-earrings-black-orchid-mini\/","title":{"rendered":"Gold earrings Black Orchid mini"},"content":{"rendered":"<p>These charming little earrings with an orchid motif 8x7mm look very romantic. Model is made of 14 carat yellow gold and decorated with black enamel. There are two available options for you, london blue topaz or pink sapphire is set in each earring. Wear them with the other pieces from the Black Orchid collection.<\/p>\n","protected":false},"excerpt":{"rendered":"<p>These charming little earrings with an orchid motif 8x7mm look very romantic. Model is made of 14 carat yellow gold and decorated with black enamel. There are two available options for you, london blue topaz or pink sapphire is set in each earring. Wear them with the other pieces from the Black Orchid collection.<\/p>\n","protected":false},"featured_media":15989,"comment_status":"open","ping_status":"closed","template":"","meta":{"_acf_changed":false},"product_brand":[],"product_cat":[232],"product_tag":[],"class_list":{"0":"post-9278","1":"product","2":"type-product","3":"status-publish","4":"has-post-thumbnail","6":"product_cat-earrings","8":"first","9":"instock","10":"shipping-taxable","11":"purchasable","12":"product-type-variable"},"acf":[],"yoast_head":"<!-- This site is optimized with the Yoast SEO plugin v27.4 - https:\/\/yoast.com\/product\/yoast-seo-wordpress\/ -->\n<title>Gold earrings Black Orchid mini | Kamima Design Jewellery<\/title>\n<meta name=\"description\" content=\"Napichovacie n\u00e1u\u0161nice v tvare kocky p\u00f4sobia mimoriadne \u0161t\u00fdlovo. S\u00fa zo \u017elt\u00e9ho\/ru\u017eov\u00e9ho\/bieleho 14-kar\u00e1tov\u00e9ho zlata s matnou povrchovou \u00fapravou.\" \/>\n<meta name=\"robots\" content=\"index, follow, max-snippet:-1, max-image-preview:large, max-video-preview:-1\" \/>\n<link rel=\"canonical\" href=\"https:\/\/kamimadesign.com\/en\/produkt\/gold-earrings-black-orchid-mini\/\" \/>\n<meta property=\"og:locale\" content=\"en_US\" \/>\n<meta property=\"og:type\" content=\"article\" \/>\n<meta property=\"og:title\" content=\"Gold earrings Black Orchid mini | Kamima Design Jewellery\" \/>\n<meta property=\"og:description\" content=\"Napichovacie n\u00e1u\u0161nice v tvare kocky p\u00f4sobia mimoriadne \u0161t\u00fdlovo. S\u00fa zo \u017elt\u00e9ho\/ru\u017eov\u00e9ho\/bieleho 14-kar\u00e1tov\u00e9ho zlata s matnou povrchovou \u00fapravou.\" \/>\n<meta property=\"og:url\" content=\"https:\/\/kamimadesign.com\/en\/produkt\/gold-earrings-black-orchid-mini\/\" \/>\n<meta property=\"og:site_name\" content=\"Kamima Design Jewellery\" \/>\n<meta property=\"article:modified_time\" content=\"2026-04-24T22:10:55+00:00\" \/>\n<meta property=\"og:image\" content=\"https:\/\/kamimadesign.com\/wp-content\/uploads\/2022\/12\/20221104_160507.jpg\" \/>\n\t<meta property=\"og:image:width\" content=\"1438\" \/>\n\t<meta property=\"og:image:height\" content=\"1440\" \/>\n\t<meta property=\"og:image:type\" content=\"image\/jpeg\" \/>\n<meta name=\"twitter:card\" content=\"summary_large_image\" \/>\n<script type=\"application\/ld+json\" class=\"yoast-schema-graph\">{\"@context\":\"https:\\\/\\\/schema.org\",\"@graph\":[{\"@type\":\"WebPage\",\"@id\":\"https:\\\/\\\/kamimadesign.com\\\/en\\\/produkt\\\/gold-earrings-black-orchid-mini\\\/\",\"url\":\"https:\\\/\\\/kamimadesign.com\\\/en\\\/produkt\\\/gold-earrings-black-orchid-mini\\\/\",\"name\":\"Gold earrings Black Orchid mini | Kamima Design Jewellery\",\"isPartOf\":{\"@id\":\"https:\\\/\\\/kamimadesign.com\\\/en\\\/#website\"},\"primaryImageOfPage\":{\"@id\":\"https:\\\/\\\/kamimadesign.com\\\/en\\\/produkt\\\/gold-earrings-black-orchid-mini\\\/#primaryimage\"},\"image\":{\"@id\":\"https:\\\/\\\/kamimadesign.com\\\/en\\\/produkt\\\/gold-earrings-black-orchid-mini\\\/#primaryimage\"},\"thumbnailUrl\":\"https:\\\/\\\/kamimadesign.com\\\/wp-content\\\/uploads\\\/2022\\\/12\\\/20221104_160507.jpg\",\"datePublished\":\"2022-12-10T14:50:17+00:00\",\"dateModified\":\"2026-04-24T22:10:55+00:00\",\"description\":\"Napichovacie n\u00e1u\u0161nice v tvare kocky p\u00f4sobia mimoriadne \u0161t\u00fdlovo. S\u00fa zo \u017elt\u00e9ho\\\/ru\u017eov\u00e9ho\\\/bieleho 14-kar\u00e1tov\u00e9ho zlata s matnou povrchovou \u00fapravou.\",\"breadcrumb\":{\"@id\":\"https:\\\/\\\/kamimadesign.com\\\/en\\\/produkt\\\/gold-earrings-black-orchid-mini\\\/#breadcrumb\"},\"inLanguage\":\"en-US\",\"potentialAction\":[{\"@type\":\"ReadAction\",\"target\":[\"https:\\\/\\\/kamimadesign.com\\\/en\\\/produkt\\\/gold-earrings-black-orchid-mini\\\/\"]}]},{\"@type\":\"ImageObject\",\"inLanguage\":\"en-US\",\"@id\":\"https:\\\/\\\/kamimadesign.com\\\/en\\\/produkt\\\/gold-earrings-black-orchid-mini\\\/#primaryimage\",\"url\":\"https:\\\/\\\/kamimadesign.com\\\/wp-content\\\/uploads\\\/2022\\\/12\\\/20221104_160507.jpg\",\"contentUrl\":\"https:\\\/\\\/kamimadesign.com\\\/wp-content\\\/uploads\\\/2022\\\/12\\\/20221104_160507.jpg\",\"width\":1438,\"height\":1440},{\"@type\":\"BreadcrumbList\",\"@id\":\"https:\\\/\\\/kamimadesign.com\\\/en\\\/produkt\\\/gold-earrings-black-orchid-mini\\\/#breadcrumb\",\"itemListElement\":[{\"@type\":\"ListItem\",\"position\":1,\"name\":\"Home\",\"item\":\"https:\\\/\\\/kamimadesign.com\\\/en\\\/\"},{\"@type\":\"ListItem\",\"position\":2,\"name\":\"Store\",\"item\":\"https:\\\/\\\/kamimadesign.com\\\/en\\\/\"},{\"@type\":\"ListItem\",\"position\":3,\"name\":\"Gold earrings Black Orchid mini\"}]},{\"@type\":\"WebSite\",\"@id\":\"https:\\\/\\\/kamimadesign.com\\\/en\\\/#website\",\"url\":\"https:\\\/\\\/kamimadesign.com\\\/en\\\/\",\"name\":\"Kamima Design Jewellery\",\"description\":\"\",\"publisher\":{\"@id\":\"https:\\\/\\\/kamimadesign.com\\\/en\\\/#organization\"},\"potentialAction\":[{\"@type\":\"SearchAction\",\"target\":{\"@type\":\"EntryPoint\",\"urlTemplate\":\"https:\\\/\\\/kamimadesign.com\\\/en\\\/?s={search_term_string}\"},\"query-input\":{\"@type\":\"PropertyValueSpecification\",\"valueRequired\":true,\"valueName\":\"search_term_string\"}}],\"inLanguage\":\"en-US\"},{\"@type\":\"Organization\",\"@id\":\"https:\\\/\\\/kamimadesign.com\\\/en\\\/#organization\",\"name\":\"Kamima Design Jewellry\",\"url\":\"https:\\\/\\\/kamimadesign.com\\\/en\\\/\",\"logo\":{\"@type\":\"ImageObject\",\"inLanguage\":\"en-US\",\"@id\":\"https:\\\/\\\/kamimadesign.com\\\/en\\\/#\\\/schema\\\/logo\\\/image\\\/\",\"url\":\"https:\\\/\\\/kamimadesign.com\\\/wp-content\\\/uploads\\\/2019\\\/11\\\/logo-kamima-final-s-R-big.png\",\"contentUrl\":\"https:\\\/\\\/kamimadesign.com\\\/wp-content\\\/uploads\\\/2019\\\/11\\\/logo-kamima-final-s-R-big.png\",\"width\":1420,\"height\":1420,\"caption\":\"Kamima Design Jewellry\"},\"image\":{\"@id\":\"https:\\\/\\\/kamimadesign.com\\\/en\\\/#\\\/schema\\\/logo\\\/image\\\/\"}}]}<\/script>\n<!-- \/ Yoast SEO plugin. -->","yoast_head_json":{"title":"Gold earrings Black Orchid mini | Kamima Design Jewellery","description":"Napichovacie n\u00e1u\u0161nice v tvare kocky p\u00f4sobia mimoriadne \u0161t\u00fdlovo. S\u00fa zo \u017elt\u00e9ho\/ru\u017eov\u00e9ho\/bieleho 14-kar\u00e1tov\u00e9ho zlata s matnou povrchovou \u00fapravou.","robots":{"index":"index","follow":"follow","max-snippet":"max-snippet:-1","max-image-preview":"max-image-preview:large","max-video-preview":"max-video-preview:-1"},"canonical":"https:\/\/kamimadesign.com\/en\/produkt\/gold-earrings-black-orchid-mini\/","og_locale":"en_US","og_type":"article","og_title":"Gold earrings Black Orchid mini | Kamima Design Jewellery","og_description":"Napichovacie n\u00e1u\u0161nice v tvare kocky p\u00f4sobia mimoriadne \u0161t\u00fdlovo. S\u00fa zo \u017elt\u00e9ho\/ru\u017eov\u00e9ho\/bieleho 14-kar\u00e1tov\u00e9ho zlata s matnou povrchovou \u00fapravou.","og_url":"https:\/\/kamimadesign.com\/en\/produkt\/gold-earrings-black-orchid-mini\/","og_site_name":"Kamima Design Jewellery","article_modified_time":"2026-04-24T22:10:55+00:00","og_image":[{"width":1438,"height":1440,"url":"https:\/\/kamimadesign.com\/wp-content\/uploads\/2022\/12\/20221104_160507.jpg","type":"image\/jpeg"}],"twitter_card":"summary_large_image","schema":{"@context":"https:\/\/schema.org","@graph":[{"@type":"WebPage","@id":"https:\/\/kamimadesign.com\/en\/produkt\/gold-earrings-black-orchid-mini\/","url":"https:\/\/kamimadesign.com\/en\/produkt\/gold-earrings-black-orchid-mini\/","name":"Gold earrings Black Orchid mini | Kamima Design Jewellery","isPartOf":{"@id":"https:\/\/kamimadesign.com\/en\/#website"},"primaryImageOfPage":{"@id":"https:\/\/kamimadesign.com\/en\/produkt\/gold-earrings-black-orchid-mini\/#primaryimage"},"image":{"@id":"https:\/\/kamimadesign.com\/en\/produkt\/gold-earrings-black-orchid-mini\/#primaryimage"},"thumbnailUrl":"https:\/\/kamimadesign.com\/wp-content\/uploads\/2022\/12\/20221104_160507.jpg","datePublished":"2022-12-10T14:50:17+00:00","dateModified":"2026-04-24T22:10:55+00:00","description":"Napichovacie n\u00e1u\u0161nice v tvare kocky p\u00f4sobia mimoriadne \u0161t\u00fdlovo. S\u00fa zo \u017elt\u00e9ho\/ru\u017eov\u00e9ho\/bieleho 14-kar\u00e1tov\u00e9ho zlata s matnou povrchovou \u00fapravou.","breadcrumb":{"@id":"https:\/\/kamimadesign.com\/en\/produkt\/gold-earrings-black-orchid-mini\/#breadcrumb"},"inLanguage":"en-US","potentialAction":[{"@type":"ReadAction","target":["https:\/\/kamimadesign.com\/en\/produkt\/gold-earrings-black-orchid-mini\/"]}]},{"@type":"ImageObject","inLanguage":"en-US","@id":"https:\/\/kamimadesign.com\/en\/produkt\/gold-earrings-black-orchid-mini\/#primaryimage","url":"https:\/\/kamimadesign.com\/wp-content\/uploads\/2022\/12\/20221104_160507.jpg","contentUrl":"https:\/\/kamimadesign.com\/wp-content\/uploads\/2022\/12\/20221104_160507.jpg","width":1438,"height":1440},{"@type":"BreadcrumbList","@id":"https:\/\/kamimadesign.com\/en\/produkt\/gold-earrings-black-orchid-mini\/#breadcrumb","itemListElement":[{"@type":"ListItem","position":1,"name":"Home","item":"https:\/\/kamimadesign.com\/en\/"},{"@type":"ListItem","position":2,"name":"Store","item":"https:\/\/kamimadesign.com\/en\/"},{"@type":"ListItem","position":3,"name":"Gold earrings Black Orchid mini"}]},{"@type":"WebSite","@id":"https:\/\/kamimadesign.com\/en\/#website","url":"https:\/\/kamimadesign.com\/en\/","name":"Kamima Design Jewellery","description":"","publisher":{"@id":"https:\/\/kamimadesign.com\/en\/#organization"},"potentialAction":[{"@type":"SearchAction","target":{"@type":"EntryPoint","urlTemplate":"https:\/\/kamimadesign.com\/en\/?s={search_term_string}"},"query-input":{"@type":"PropertyValueSpecification","valueRequired":true,"valueName":"search_term_string"}}],"inLanguage":"en-US"},{"@type":"Organization","@id":"https:\/\/kamimadesign.com\/en\/#organization","name":"Kamima Design Jewellry","url":"https:\/\/kamimadesign.com\/en\/","logo":{"@type":"ImageObject","inLanguage":"en-US","@id":"https:\/\/kamimadesign.com\/en\/#\/schema\/logo\/image\/","url":"https:\/\/kamimadesign.com\/wp-content\/uploads\/2019\/11\/logo-kamima-final-s-R-big.png","contentUrl":"https:\/\/kamimadesign.com\/wp-content\/uploads\/2019\/11\/logo-kamima-final-s-R-big.png","width":1420,"height":1420,"caption":"Kamima Design Jewellry"},"image":{"@id":"https:\/\/kamimadesign.com\/en\/#\/schema\/logo\/image\/"}}]}},"_links":{"self":[{"href":"https:\/\/kamimadesign.com\/en\/wp-json\/wp\/v2\/product\/9278","targetHints":{"allow":["GET"]}}],"collection":[{"href":"https:\/\/kamimadesign.com\/en\/wp-json\/wp\/v2\/product"}],"about":[{"href":"https:\/\/kamimadesign.com\/en\/wp-json\/wp\/v2\/types\/product"}],"replies":[{"embeddable":true,"href":"https:\/\/kamimadesign.com\/en\/wp-json\/wp\/v2\/comments?post=9278"}],"wp:featuredmedia":[{"embeddable":true,"href":"https:\/\/kamimadesign.com\/en\/wp-json\/wp\/v2\/media\/15989"}],"wp:attachment":[{"href":"https:\/\/kamimadesign.com\/en\/wp-json\/wp\/v2\/media?parent=9278"}],"wp:term":[{"taxonomy":"product_brand","embeddable":true,"href":"https:\/\/kamimadesign.com\/en\/wp-json\/wp\/v2\/product_brand?post=9278"},{"taxonomy":"product_cat","embeddable":true,"href":"https:\/\/kamimadesign.com\/en\/wp-json\/wp\/v2\/product_cat?post=9278"},{"taxonomy":"product_tag","embeddable":true,"href":"https:\/\/kamimadesign.com\/en\/wp-json\/wp\/v2\/product_tag?post=9278"}],"curies":[{"name":"wp","href":"https:\/\/api.w.org\/{rel}","templated":true}]}}