{"id":9114,"date":"2023-03-28T21:22:44","date_gmt":"2023-03-28T19:22:44","guid":{"rendered":"https:\/\/kamimadesign.com\/produkt\/gold-necklace-with-sapphires-white-dreams\/"},"modified":"2026-04-25T00:10:47","modified_gmt":"2026-04-24T22:10:47","slug":"gold-necklace-with-sapphires-white-dreams","status":"publish","type":"product","link":"https:\/\/kamimadesign.com\/en\/produkt\/gold-necklace-with-sapphires-white-dreams\/","title":{"rendered":"Gold necklace with sapphires White Dreams"},"content":{"rendered":"<p>The cute motif of two little hearts connected with a diamond is made of 14 carat yellow gold. The necklace is decorated with white enamel and four sapphires. It is suitable for both daily use and special occasions. The length is adjustable in the range of 44\/45\/46\/47cm so it will always perfectly fit any outfit. Wear it in combination with the other jewels from the White Dreams collection.<\/p>\n","protected":false},"excerpt":{"rendered":"<p>The cute motif of two little hearts connected with a diamond is made of 14 carat yellow gold. The necklace is decorated with white enamel and four sapphires. It is suitable for both daily use and special occasions. The length is adjustable in the range of 44\/45\/46\/47cm so it will always perfectly fit any outfit. [&hellip;]<\/p>\n","protected":false},"featured_media":6379,"comment_status":"open","ping_status":"closed","template":"","meta":{"_acf_changed":false},"product_brand":[],"product_cat":[225],"product_tag":[],"class_list":{"0":"post-9114","1":"product","2":"type-product","3":"status-publish","4":"has-post-thumbnail","6":"product_cat-necklace","8":"first","9":"instock","10":"sold-individually","11":"shipping-taxable","12":"purchasable","13":"product-type-simple"},"acf":[],"yoast_head":"<!-- This site is optimized with the Yoast SEO plugin v27.4 - https:\/\/yoast.com\/product\/yoast-seo-wordpress\/ -->\n<title>Gold necklace with sapphires White Dreams | Kamima Design Jewellery<\/title>\n<meta name=\"description\" content=\"P\u00f4sobiv\u00fd n\u00e1hrdeln\u00edk z dielne Roberto Bravo zdob\u00ed \u0161peci\u00e1lny biely enamel. V korunke sa trblietaj\u00fa zaf\u00edry a diamant. Model zo \u017elt\u00e9ho 14-kar\u00e1tov\u00e9ho zlata noste samostatne i v kombin\u00e1cii s \u010fal\u0161\u00edmi \u0161perkami z kolekcie White Dreams.\" \/>\n<meta name=\"robots\" content=\"index, follow, max-snippet:-1, max-image-preview:large, max-video-preview:-1\" \/>\n<link rel=\"canonical\" href=\"https:\/\/kamimadesign.com\/en\/produkt\/gold-necklace-with-sapphires-white-dreams\/\" \/>\n<meta property=\"og:locale\" content=\"en_US\" \/>\n<meta property=\"og:type\" content=\"article\" \/>\n<meta property=\"og:title\" content=\"Gold necklace with sapphires White Dreams | Kamima Design Jewellery\" \/>\n<meta property=\"og:description\" content=\"P\u00f4sobiv\u00fd n\u00e1hrdeln\u00edk z dielne Roberto Bravo zdob\u00ed \u0161peci\u00e1lny biely enamel. V korunke sa trblietaj\u00fa zaf\u00edry a diamant. Model zo \u017elt\u00e9ho 14-kar\u00e1tov\u00e9ho zlata noste samostatne i v kombin\u00e1cii s \u010fal\u0161\u00edmi \u0161perkami z kolekcie White Dreams.\" \/>\n<meta property=\"og:url\" content=\"https:\/\/kamimadesign.com\/en\/produkt\/gold-necklace-with-sapphires-white-dreams\/\" \/>\n<meta property=\"og:site_name\" content=\"Kamima Design Jewellery\" \/>\n<meta property=\"article:modified_time\" content=\"2026-04-24T22:10:47+00:00\" \/>\n<meta property=\"og:image\" content=\"https:\/\/kamimadesign.com\/wp-content\/uploads\/2023\/03\/20230327_160723-1024x1024.jpg\" \/>\n\t<meta property=\"og:image:width\" content=\"1024\" \/>\n\t<meta property=\"og:image:height\" content=\"1024\" \/>\n\t<meta property=\"og:image:type\" content=\"image\/jpeg\" \/>\n<meta name=\"twitter:card\" content=\"summary_large_image\" \/>\n<script type=\"application\/ld+json\" class=\"yoast-schema-graph\">{\"@context\":\"https:\\\/\\\/schema.org\",\"@graph\":[{\"@type\":\"WebPage\",\"@id\":\"https:\\\/\\\/kamimadesign.com\\\/en\\\/produkt\\\/gold-necklace-with-sapphires-white-dreams\\\/\",\"url\":\"https:\\\/\\\/kamimadesign.com\\\/en\\\/produkt\\\/gold-necklace-with-sapphires-white-dreams\\\/\",\"name\":\"Gold necklace with sapphires White Dreams | Kamima Design Jewellery\",\"isPartOf\":{\"@id\":\"https:\\\/\\\/kamimadesign.com\\\/en\\\/#website\"},\"primaryImageOfPage\":{\"@id\":\"https:\\\/\\\/kamimadesign.com\\\/en\\\/produkt\\\/gold-necklace-with-sapphires-white-dreams\\\/#primaryimage\"},\"image\":{\"@id\":\"https:\\\/\\\/kamimadesign.com\\\/en\\\/produkt\\\/gold-necklace-with-sapphires-white-dreams\\\/#primaryimage\"},\"thumbnailUrl\":\"https:\\\/\\\/kamimadesign.com\\\/wp-content\\\/uploads\\\/2023\\\/03\\\/20230327_160723.jpg\",\"datePublished\":\"2023-03-28T19:22:44+00:00\",\"dateModified\":\"2026-04-24T22:10:47+00:00\",\"description\":\"P\u00f4sobiv\u00fd n\u00e1hrdeln\u00edk z dielne Roberto Bravo zdob\u00ed \u0161peci\u00e1lny biely enamel. V korunke sa trblietaj\u00fa zaf\u00edry a diamant. Model zo \u017elt\u00e9ho 14-kar\u00e1tov\u00e9ho zlata noste samostatne i v kombin\u00e1cii s \u010fal\u0161\u00edmi \u0161perkami z kolekcie White Dreams.\",\"breadcrumb\":{\"@id\":\"https:\\\/\\\/kamimadesign.com\\\/en\\\/produkt\\\/gold-necklace-with-sapphires-white-dreams\\\/#breadcrumb\"},\"inLanguage\":\"en-US\",\"potentialAction\":[{\"@type\":\"ReadAction\",\"target\":[\"https:\\\/\\\/kamimadesign.com\\\/en\\\/produkt\\\/gold-necklace-with-sapphires-white-dreams\\\/\"]}]},{\"@type\":\"ImageObject\",\"inLanguage\":\"en-US\",\"@id\":\"https:\\\/\\\/kamimadesign.com\\\/en\\\/produkt\\\/gold-necklace-with-sapphires-white-dreams\\\/#primaryimage\",\"url\":\"https:\\\/\\\/kamimadesign.com\\\/wp-content\\\/uploads\\\/2023\\\/03\\\/20230327_160723.jpg\",\"contentUrl\":\"https:\\\/\\\/kamimadesign.com\\\/wp-content\\\/uploads\\\/2023\\\/03\\\/20230327_160723.jpg\",\"width\":2268,\"height\":2268},{\"@type\":\"BreadcrumbList\",\"@id\":\"https:\\\/\\\/kamimadesign.com\\\/en\\\/produkt\\\/gold-necklace-with-sapphires-white-dreams\\\/#breadcrumb\",\"itemListElement\":[{\"@type\":\"ListItem\",\"position\":1,\"name\":\"Home\",\"item\":\"https:\\\/\\\/kamimadesign.com\\\/en\\\/\"},{\"@type\":\"ListItem\",\"position\":2,\"name\":\"Store\",\"item\":\"https:\\\/\\\/kamimadesign.com\\\/en\\\/\"},{\"@type\":\"ListItem\",\"position\":3,\"name\":\"Gold necklace with sapphires White Dreams\"}]},{\"@type\":\"WebSite\",\"@id\":\"https:\\\/\\\/kamimadesign.com\\\/en\\\/#website\",\"url\":\"https:\\\/\\\/kamimadesign.com\\\/en\\\/\",\"name\":\"Kamima Design Jewellery\",\"description\":\"\",\"publisher\":{\"@id\":\"https:\\\/\\\/kamimadesign.com\\\/en\\\/#organization\"},\"potentialAction\":[{\"@type\":\"SearchAction\",\"target\":{\"@type\":\"EntryPoint\",\"urlTemplate\":\"https:\\\/\\\/kamimadesign.com\\\/en\\\/?s={search_term_string}\"},\"query-input\":{\"@type\":\"PropertyValueSpecification\",\"valueRequired\":true,\"valueName\":\"search_term_string\"}}],\"inLanguage\":\"en-US\"},{\"@type\":\"Organization\",\"@id\":\"https:\\\/\\\/kamimadesign.com\\\/en\\\/#organization\",\"name\":\"Kamima Design Jewellry\",\"url\":\"https:\\\/\\\/kamimadesign.com\\\/en\\\/\",\"logo\":{\"@type\":\"ImageObject\",\"inLanguage\":\"en-US\",\"@id\":\"https:\\\/\\\/kamimadesign.com\\\/en\\\/#\\\/schema\\\/logo\\\/image\\\/\",\"url\":\"https:\\\/\\\/kamimadesign.com\\\/wp-content\\\/uploads\\\/2019\\\/11\\\/logo-kamima-final-s-R-big.png\",\"contentUrl\":\"https:\\\/\\\/kamimadesign.com\\\/wp-content\\\/uploads\\\/2019\\\/11\\\/logo-kamima-final-s-R-big.png\",\"width\":1420,\"height\":1420,\"caption\":\"Kamima Design Jewellry\"},\"image\":{\"@id\":\"https:\\\/\\\/kamimadesign.com\\\/en\\\/#\\\/schema\\\/logo\\\/image\\\/\"}}]}<\/script>\n<!-- \/ Yoast SEO plugin. -->","yoast_head_json":{"title":"Gold necklace with sapphires White Dreams | Kamima Design Jewellery","description":"P\u00f4sobiv\u00fd n\u00e1hrdeln\u00edk z dielne Roberto Bravo zdob\u00ed \u0161peci\u00e1lny biely enamel. V korunke sa trblietaj\u00fa zaf\u00edry a diamant. Model zo \u017elt\u00e9ho 14-kar\u00e1tov\u00e9ho zlata noste samostatne i v kombin\u00e1cii s \u010fal\u0161\u00edmi \u0161perkami z kolekcie White Dreams.","robots":{"index":"index","follow":"follow","max-snippet":"max-snippet:-1","max-image-preview":"max-image-preview:large","max-video-preview":"max-video-preview:-1"},"canonical":"https:\/\/kamimadesign.com\/en\/produkt\/gold-necklace-with-sapphires-white-dreams\/","og_locale":"en_US","og_type":"article","og_title":"Gold necklace with sapphires White Dreams | Kamima Design Jewellery","og_description":"P\u00f4sobiv\u00fd n\u00e1hrdeln\u00edk z dielne Roberto Bravo zdob\u00ed \u0161peci\u00e1lny biely enamel. V korunke sa trblietaj\u00fa zaf\u00edry a diamant. Model zo \u017elt\u00e9ho 14-kar\u00e1tov\u00e9ho zlata noste samostatne i v kombin\u00e1cii s \u010fal\u0161\u00edmi \u0161perkami z kolekcie White Dreams.","og_url":"https:\/\/kamimadesign.com\/en\/produkt\/gold-necklace-with-sapphires-white-dreams\/","og_site_name":"Kamima Design Jewellery","article_modified_time":"2026-04-24T22:10:47+00:00","og_image":[{"width":1024,"height":1024,"url":"https:\/\/kamimadesign.com\/wp-content\/uploads\/2023\/03\/20230327_160723-1024x1024.jpg","type":"image\/jpeg"}],"twitter_card":"summary_large_image","schema":{"@context":"https:\/\/schema.org","@graph":[{"@type":"WebPage","@id":"https:\/\/kamimadesign.com\/en\/produkt\/gold-necklace-with-sapphires-white-dreams\/","url":"https:\/\/kamimadesign.com\/en\/produkt\/gold-necklace-with-sapphires-white-dreams\/","name":"Gold necklace with sapphires White Dreams | Kamima Design Jewellery","isPartOf":{"@id":"https:\/\/kamimadesign.com\/en\/#website"},"primaryImageOfPage":{"@id":"https:\/\/kamimadesign.com\/en\/produkt\/gold-necklace-with-sapphires-white-dreams\/#primaryimage"},"image":{"@id":"https:\/\/kamimadesign.com\/en\/produkt\/gold-necklace-with-sapphires-white-dreams\/#primaryimage"},"thumbnailUrl":"https:\/\/kamimadesign.com\/wp-content\/uploads\/2023\/03\/20230327_160723.jpg","datePublished":"2023-03-28T19:22:44+00:00","dateModified":"2026-04-24T22:10:47+00:00","description":"P\u00f4sobiv\u00fd n\u00e1hrdeln\u00edk z dielne Roberto Bravo zdob\u00ed \u0161peci\u00e1lny biely enamel. V korunke sa trblietaj\u00fa zaf\u00edry a diamant. Model zo \u017elt\u00e9ho 14-kar\u00e1tov\u00e9ho zlata noste samostatne i v kombin\u00e1cii s \u010fal\u0161\u00edmi \u0161perkami z kolekcie White Dreams.","breadcrumb":{"@id":"https:\/\/kamimadesign.com\/en\/produkt\/gold-necklace-with-sapphires-white-dreams\/#breadcrumb"},"inLanguage":"en-US","potentialAction":[{"@type":"ReadAction","target":["https:\/\/kamimadesign.com\/en\/produkt\/gold-necklace-with-sapphires-white-dreams\/"]}]},{"@type":"ImageObject","inLanguage":"en-US","@id":"https:\/\/kamimadesign.com\/en\/produkt\/gold-necklace-with-sapphires-white-dreams\/#primaryimage","url":"https:\/\/kamimadesign.com\/wp-content\/uploads\/2023\/03\/20230327_160723.jpg","contentUrl":"https:\/\/kamimadesign.com\/wp-content\/uploads\/2023\/03\/20230327_160723.jpg","width":2268,"height":2268},{"@type":"BreadcrumbList","@id":"https:\/\/kamimadesign.com\/en\/produkt\/gold-necklace-with-sapphires-white-dreams\/#breadcrumb","itemListElement":[{"@type":"ListItem","position":1,"name":"Home","item":"https:\/\/kamimadesign.com\/en\/"},{"@type":"ListItem","position":2,"name":"Store","item":"https:\/\/kamimadesign.com\/en\/"},{"@type":"ListItem","position":3,"name":"Gold necklace with sapphires White Dreams"}]},{"@type":"WebSite","@id":"https:\/\/kamimadesign.com\/en\/#website","url":"https:\/\/kamimadesign.com\/en\/","name":"Kamima Design Jewellery","description":"","publisher":{"@id":"https:\/\/kamimadesign.com\/en\/#organization"},"potentialAction":[{"@type":"SearchAction","target":{"@type":"EntryPoint","urlTemplate":"https:\/\/kamimadesign.com\/en\/?s={search_term_string}"},"query-input":{"@type":"PropertyValueSpecification","valueRequired":true,"valueName":"search_term_string"}}],"inLanguage":"en-US"},{"@type":"Organization","@id":"https:\/\/kamimadesign.com\/en\/#organization","name":"Kamima Design Jewellry","url":"https:\/\/kamimadesign.com\/en\/","logo":{"@type":"ImageObject","inLanguage":"en-US","@id":"https:\/\/kamimadesign.com\/en\/#\/schema\/logo\/image\/","url":"https:\/\/kamimadesign.com\/wp-content\/uploads\/2019\/11\/logo-kamima-final-s-R-big.png","contentUrl":"https:\/\/kamimadesign.com\/wp-content\/uploads\/2019\/11\/logo-kamima-final-s-R-big.png","width":1420,"height":1420,"caption":"Kamima Design Jewellry"},"image":{"@id":"https:\/\/kamimadesign.com\/en\/#\/schema\/logo\/image\/"}}]}},"_links":{"self":[{"href":"https:\/\/kamimadesign.com\/en\/wp-json\/wp\/v2\/product\/9114","targetHints":{"allow":["GET"]}}],"collection":[{"href":"https:\/\/kamimadesign.com\/en\/wp-json\/wp\/v2\/product"}],"about":[{"href":"https:\/\/kamimadesign.com\/en\/wp-json\/wp\/v2\/types\/product"}],"replies":[{"embeddable":true,"href":"https:\/\/kamimadesign.com\/en\/wp-json\/wp\/v2\/comments?post=9114"}],"wp:featuredmedia":[{"embeddable":true,"href":"https:\/\/kamimadesign.com\/en\/wp-json\/wp\/v2\/media\/6379"}],"wp:attachment":[{"href":"https:\/\/kamimadesign.com\/en\/wp-json\/wp\/v2\/media?parent=9114"}],"wp:term":[{"taxonomy":"product_brand","embeddable":true,"href":"https:\/\/kamimadesign.com\/en\/wp-json\/wp\/v2\/product_brand?post=9114"},{"taxonomy":"product_cat","embeddable":true,"href":"https:\/\/kamimadesign.com\/en\/wp-json\/wp\/v2\/product_cat?post=9114"},{"taxonomy":"product_tag","embeddable":true,"href":"https:\/\/kamimadesign.com\/en\/wp-json\/wp\/v2\/product_tag?post=9114"}],"curies":[{"name":"wp","href":"https:\/\/api.w.org\/{rel}","templated":true}]}}