{"id":8835,"date":"2019-11-06T17:51:57","date_gmt":"2019-11-06T16:51:57","guid":{"rendered":"https:\/\/kamimadesign.com\/?page_id=8835"},"modified":"2023-11-07T09:00:50","modified_gmt":"2023-11-07T08:00:50","slug":"kontakt","status":"publish","type":"page","link":"https:\/\/kamimadesign.com\/en\/kontakt\/","title":{"rendered":"Contact"},"content":{"rendered":"\n<section class=\"kontakt-section\">\n    <article class=\"\">\n\t\t<div class=\"container \">\n\t\t\t<div class=\"row\">\n\t\t\t\t<div class=\"col-md-7 custom-right-padding\">\n\t\t\t\t\t<h1 class=\"page-headline\">COMPANY<\/h1>\n                        <div class=\"content1\">\n                            W.E.G.A., spol. s r. o. <br \/>\r\n\u017delezni\u010diarov 2300\/54<br \/>\r\n026 01 Doln\u00fd Kub\u00edn<br \/>\r\nSlovensk\u00e1 republika<br \/>\r\n<br \/>\r\nCompany KAMIMA DESIGN s.r.o. was dissolved by merger with the legal successor obove, who takes over all obligations as of 24. 11. 2022.                            <a href=\"\" class=\"mapaA\">\n                                                            <\/a>\n                        <\/div>\n                        <div class=\"contacts\">\n                            <a href=\"tel:+421907376038\" class=\"phoneA\">\n                                +421 907 376 038                            <\/a>\n                            <a href=\"mailto:info@kamimadesign.com\" class=\"mailA\">\n                                info@kamimadesign.com                            <\/a>\n\n                        <\/div>\n                        <div class=\"contacts\">\n                            <p class=\"business\">I\u010cO: 31 613 837<\/p>\n                            <p class=\"business\">I\u010c DPH: SK2020425550<\/p>\n                        <\/div>\n                        <div class=\"contacts\">\n                            <p class=\"register custom-right-padding\">Spolo\u010dnos\u0165 zap\u00edsan\u00e1 v Obchodnom registri Okresn\u00e9ho<\/p>\n                            <p class=\"register custom-right-padding\">s\u00fadu \u017dilina, Oddiel: Sro, vlo\u017eka \u010d\u00edslo: 2154\/L<\/p>\n                        <\/div>\n\t\t\t\t<\/div>\n                <div class=\"col-md-5\">\n\t\t\t\t\t<h2 class=\"page-headline\">Contact us<\/h2>\n                    <div class=\"formular\">\n                        \n<div class=\"wpcf7 no-js\" id=\"wpcf7-f8872-o1\" lang=\"en-US\" dir=\"ltr\" data-wpcf7-id=\"8872\">\n<div class=\"screen-reader-response\"><p role=\"status\" aria-live=\"polite\" aria-atomic=\"true\"><\/p> <ul><\/ul><\/div>\n<form action=\"\/en\/wp-json\/wp\/v2\/pages\/8835#wpcf7-f8872-o1\" method=\"post\" class=\"wpcf7-form init\" aria-label=\"Contact form\" novalidate=\"novalidate\" data-status=\"init\">\n<fieldset class=\"hidden-fields-container\"><input type=\"hidden\" name=\"_wpcf7\" value=\"8872\" \/><input type=\"hidden\" name=\"_wpcf7_version\" value=\"6.1.5\" \/><input type=\"hidden\" name=\"_wpcf7_locale\" value=\"en_US\" \/><input type=\"hidden\" name=\"_wpcf7_unit_tag\" value=\"wpcf7-f8872-o1\" \/><input type=\"hidden\" name=\"_wpcf7_container_post\" value=\"0\" \/><input type=\"hidden\" name=\"_wpcf7_posted_data_hash\" value=\"\" \/><input type=\"hidden\" name=\"_wpcf7_recaptcha_response\" value=\"\" \/>\n<\/fieldset>\n<p><span class=\"wpcf7-form-control-wrap\" data-name=\"your-name\"><input size=\"40\" maxlength=\"400\" class=\"wpcf7-form-control wpcf7-text wpcf7-validates-as-required\" aria-required=\"true\" aria-invalid=\"false\" value=\"\" type=\"text\" name=\"your-name\" \/><\/span><br \/>\n<label> Full name<br \/>\n<\/label>\n<\/p>\n<p><span class=\"wpcf7-form-control-wrap\" data-name=\"your-email\"><input size=\"40\" maxlength=\"400\" class=\"wpcf7-form-control wpcf7-email wpcf7-validates-as-required wpcf7-text wpcf7-validates-as-email\" aria-required=\"true\" aria-invalid=\"false\" value=\"\" type=\"email\" name=\"your-email\" \/><\/span><br \/>\n<label> E-mail<br \/>\n<\/label>\n<\/p>\n<p><span class=\"wpcf7-form-control-wrap\" data-name=\"telefon\"><input size=\"40\" maxlength=\"400\" class=\"wpcf7-form-control wpcf7-tel wpcf7-text wpcf7-validates-as-tel\" aria-invalid=\"false\" value=\"\" type=\"tel\" name=\"telefon\" \/><\/span><br \/>\n<label> Phone number <span>(optional)<\/span><br \/>\n<\/label>\n<\/p>\n<p><span class=\"wpcf7-form-control-wrap\" data-name=\"your-message\"><textarea cols=\"40\" rows=\"10\" maxlength=\"2000\" class=\"wpcf7-form-control wpcf7-textarea wpcf7-validates-as-required\" aria-required=\"true\" aria-invalid=\"false\" name=\"your-message\"><\/textarea><\/span><br \/>\n<label> Message<br \/>\n<\/label>\n<\/p>\n<p><span class=\"wpcf7-form-control-wrap\" data-name=\"acceptance-269\"><span class=\"wpcf7-form-control wpcf7-acceptance\"><span class=\"wpcf7-list-item\"><label><input type=\"checkbox\" name=\"acceptance-269\" value=\"1\" class=\"policysds\" aria-invalid=\"false\" \/><span class=\"wpcf7-list-item-label\">I agree to the processing of personal data<\/span><\/label><\/span><\/span><\/span><br \/>\n<span class=\"checkmark\"><\/span><br \/>\n\n<\/p>\n<div class=\"button_odoslat\">\n\t<p><input class=\"wpcf7-form-control wpcf7-submit has-spinner\" type=\"submit\" value=\"Odosla\u0165\" \/>\n\t<\/p>\n<\/div><div class=\"wpcf7-response-output\" aria-hidden=\"true\"><\/div>\n<\/form>\n<\/div>\n                    <\/div>\n\n\t\t\t\t<\/div>\n\t\t\t<\/div>\n\t\t<\/div>\n\n    <\/article>\n<\/section>\n<script>\n\n<\/script>\n","protected":false},"excerpt":{"rendered":"","protected":false},"author":3,"featured_media":0,"parent":0,"menu_order":0,"comment_status":"closed","ping_status":"closed","template":"templates\/contact.php","meta":{"_acf_changed":false,"footnotes":""},"class_list":["post-8835","page","type-page","status-publish","hentry"],"acf":[],"yoast_head":"<!-- This site is optimized with the Yoast SEO plugin v27.5 - https:\/\/yoast.com\/product\/yoast-seo-wordpress\/ -->\n<title>Contact | Kamima Design Jewellery<\/title>\n<meta name=\"robots\" content=\"index, follow, max-snippet:-1, max-image-preview:large, max-video-preview:-1\" \/>\n<link rel=\"canonical\" href=\"https:\/\/kamimadesign.com\/en\/kontakt\/\" \/>\n<meta property=\"og:locale\" content=\"en_US\" \/>\n<meta property=\"og:type\" content=\"article\" \/>\n<meta property=\"og:title\" content=\"Contact | Kamima Design Jewellery\" \/>\n<meta property=\"og:url\" content=\"https:\/\/kamimadesign.com\/en\/kontakt\/\" \/>\n<meta property=\"og:site_name\" content=\"Kamima Design Jewellery\" \/>\n<meta property=\"article:modified_time\" content=\"2023-11-07T08:00:50+00:00\" \/>\n<meta property=\"og:image\" content=\"https:\/\/kamimadesign.com\/wp-content\/uploads\/2019\/11\/BG-1.jpg\" \/>\n\t<meta property=\"og:image:width\" content=\"923\" \/>\n\t<meta property=\"og:image:height\" content=\"923\" \/>\n\t<meta property=\"og:image:type\" content=\"image\/jpeg\" \/>\n<meta name=\"twitter:card\" content=\"summary_large_image\" \/>\n<script type=\"application\/ld+json\" class=\"yoast-schema-graph\">{\"@context\":\"https:\\\/\\\/schema.org\",\"@graph\":[{\"@type\":\"WebPage\",\"@id\":\"https:\\\/\\\/kamimadesign.com\\\/en\\\/kontakt\\\/\",\"url\":\"https:\\\/\\\/kamimadesign.com\\\/en\\\/kontakt\\\/\",\"name\":\"Contact | Kamima Design Jewellery\",\"isPartOf\":{\"@id\":\"https:\\\/\\\/kamimadesign.com\\\/en\\\/#website\"},\"datePublished\":\"2019-11-06T16:51:57+00:00\",\"dateModified\":\"2023-11-07T08:00:50+00:00\",\"breadcrumb\":{\"@id\":\"https:\\\/\\\/kamimadesign.com\\\/en\\\/kontakt\\\/#breadcrumb\"},\"inLanguage\":\"en-US\",\"potentialAction\":[{\"@type\":\"ReadAction\",\"target\":[\"https:\\\/\\\/kamimadesign.com\\\/en\\\/kontakt\\\/\"]}]},{\"@type\":\"BreadcrumbList\",\"@id\":\"https:\\\/\\\/kamimadesign.com\\\/en\\\/kontakt\\\/#breadcrumb\",\"itemListElement\":[{\"@type\":\"ListItem\",\"position\":1,\"name\":\"Home\",\"item\":\"https:\\\/\\\/kamimadesign.com\\\/en\\\/\"},{\"@type\":\"ListItem\",\"position\":2,\"name\":\"Contact\"}]},{\"@type\":\"WebSite\",\"@id\":\"https:\\\/\\\/kamimadesign.com\\\/en\\\/#website\",\"url\":\"https:\\\/\\\/kamimadesign.com\\\/en\\\/\",\"name\":\"Kamima Design Jewellery\",\"description\":\"\",\"publisher\":{\"@id\":\"https:\\\/\\\/kamimadesign.com\\\/en\\\/#organization\"},\"potentialAction\":[{\"@type\":\"SearchAction\",\"target\":{\"@type\":\"EntryPoint\",\"urlTemplate\":\"https:\\\/\\\/kamimadesign.com\\\/en\\\/?s={search_term_string}\"},\"query-input\":{\"@type\":\"PropertyValueSpecification\",\"valueRequired\":true,\"valueName\":\"search_term_string\"}}],\"inLanguage\":\"en-US\"},{\"@type\":\"Organization\",\"@id\":\"https:\\\/\\\/kamimadesign.com\\\/en\\\/#organization\",\"name\":\"Kamima Design Jewellry\",\"url\":\"https:\\\/\\\/kamimadesign.com\\\/en\\\/\",\"logo\":{\"@type\":\"ImageObject\",\"inLanguage\":\"en-US\",\"@id\":\"https:\\\/\\\/kamimadesign.com\\\/en\\\/#\\\/schema\\\/logo\\\/image\\\/\",\"url\":\"https:\\\/\\\/kamimadesign.com\\\/wp-content\\\/uploads\\\/2019\\\/11\\\/logo-kamima-final-s-R-big.png\",\"contentUrl\":\"https:\\\/\\\/kamimadesign.com\\\/wp-content\\\/uploads\\\/2019\\\/11\\\/logo-kamima-final-s-R-big.png\",\"width\":1420,\"height\":1420,\"caption\":\"Kamima Design Jewellry\"},\"image\":{\"@id\":\"https:\\\/\\\/kamimadesign.com\\\/en\\\/#\\\/schema\\\/logo\\\/image\\\/\"}}]}<\/script>\n<!-- \/ Yoast SEO plugin. -->","yoast_head_json":{"title":"Contact | Kamima Design Jewellery","robots":{"index":"index","follow":"follow","max-snippet":"max-snippet:-1","max-image-preview":"max-image-preview:large","max-video-preview":"max-video-preview:-1"},"canonical":"https:\/\/kamimadesign.com\/en\/kontakt\/","og_locale":"en_US","og_type":"article","og_title":"Contact | Kamima Design Jewellery","og_url":"https:\/\/kamimadesign.com\/en\/kontakt\/","og_site_name":"Kamima Design Jewellery","article_modified_time":"2023-11-07T08:00:50+00:00","og_image":[{"width":923,"height":923,"url":"https:\/\/kamimadesign.com\/wp-content\/uploads\/2019\/11\/BG-1.jpg","type":"image\/jpeg"}],"twitter_card":"summary_large_image","schema":{"@context":"https:\/\/schema.org","@graph":[{"@type":"WebPage","@id":"https:\/\/kamimadesign.com\/en\/kontakt\/","url":"https:\/\/kamimadesign.com\/en\/kontakt\/","name":"Contact | Kamima Design Jewellery","isPartOf":{"@id":"https:\/\/kamimadesign.com\/en\/#website"},"datePublished":"2019-11-06T16:51:57+00:00","dateModified":"2023-11-07T08:00:50+00:00","breadcrumb":{"@id":"https:\/\/kamimadesign.com\/en\/kontakt\/#breadcrumb"},"inLanguage":"en-US","potentialAction":[{"@type":"ReadAction","target":["https:\/\/kamimadesign.com\/en\/kontakt\/"]}]},{"@type":"BreadcrumbList","@id":"https:\/\/kamimadesign.com\/en\/kontakt\/#breadcrumb","itemListElement":[{"@type":"ListItem","position":1,"name":"Home","item":"https:\/\/kamimadesign.com\/en\/"},{"@type":"ListItem","position":2,"name":"Contact"}]},{"@type":"WebSite","@id":"https:\/\/kamimadesign.com\/en\/#website","url":"https:\/\/kamimadesign.com\/en\/","name":"Kamima Design Jewellery","description":"","publisher":{"@id":"https:\/\/kamimadesign.com\/en\/#organization"},"potentialAction":[{"@type":"SearchAction","target":{"@type":"EntryPoint","urlTemplate":"https:\/\/kamimadesign.com\/en\/?s={search_term_string}"},"query-input":{"@type":"PropertyValueSpecification","valueRequired":true,"valueName":"search_term_string"}}],"inLanguage":"en-US"},{"@type":"Organization","@id":"https:\/\/kamimadesign.com\/en\/#organization","name":"Kamima Design Jewellry","url":"https:\/\/kamimadesign.com\/en\/","logo":{"@type":"ImageObject","inLanguage":"en-US","@id":"https:\/\/kamimadesign.com\/en\/#\/schema\/logo\/image\/","url":"https:\/\/kamimadesign.com\/wp-content\/uploads\/2019\/11\/logo-kamima-final-s-R-big.png","contentUrl":"https:\/\/kamimadesign.com\/wp-content\/uploads\/2019\/11\/logo-kamima-final-s-R-big.png","width":1420,"height":1420,"caption":"Kamima Design Jewellry"},"image":{"@id":"https:\/\/kamimadesign.com\/en\/#\/schema\/logo\/image\/"}}]}},"_links":{"self":[{"href":"https:\/\/kamimadesign.com\/en\/wp-json\/wp\/v2\/pages\/8835","targetHints":{"allow":["GET"]}}],"collection":[{"href":"https:\/\/kamimadesign.com\/en\/wp-json\/wp\/v2\/pages"}],"about":[{"href":"https:\/\/kamimadesign.com\/en\/wp-json\/wp\/v2\/types\/page"}],"author":[{"embeddable":true,"href":"https:\/\/kamimadesign.com\/en\/wp-json\/wp\/v2\/users\/3"}],"replies":[{"embeddable":true,"href":"https:\/\/kamimadesign.com\/en\/wp-json\/wp\/v2\/comments?post=8835"}],"version-history":[{"count":7,"href":"https:\/\/kamimadesign.com\/en\/wp-json\/wp\/v2\/pages\/8835\/revisions"}],"predecessor-version":[{"id":9588,"href":"https:\/\/kamimadesign.com\/en\/wp-json\/wp\/v2\/pages\/8835\/revisions\/9588"}],"wp:attachment":[{"href":"https:\/\/kamimadesign.com\/en\/wp-json\/wp\/v2\/media?parent=8835"}],"curies":[{"name":"wp","href":"https:\/\/api.w.org\/{rel}","templated":true}]}}