{"id":855,"date":"2019-11-10T13:51:22","date_gmt":"2019-11-10T12:51:22","guid":{"rendered":"https:\/\/kamimadesign.com\/puncove-znacky\/"},"modified":"2023-11-07T09:37:05","modified_gmt":"2023-11-07T08:37:05","slug":"puncove-znacky","status":"publish","type":"page","link":"https:\/\/kamimadesign.com\/en\/puncove-znacky\/","title":{"rendered":"HALLMARKS"},"content":{"rendered":"\n<h1 class=\"wp-block-heading has-text-align-center\">Slovak hallmarks and signs<\/h1>\n\n\n\n<p class=\"has-text-align-center\">Na zlat\u00fd tovar, strieborn\u00fd tovar a platinov\u00fd tovar<\/p>\n\n\n<div class=\"wp-block-image\">\n<figure class=\"aligncenter\"><img loading=\"lazy\" decoding=\"async\" width=\"1024\" height=\"943\" src=\"https:\/\/kamimadesign.com\/wp-content\/uploads\/2019\/11\/Layer-2@2x-1024x943.png\" alt=\"\" class=\"wp-image-243\" srcset=\"https:\/\/kamimadesign.com\/wp-content\/uploads\/2019\/11\/Layer-2@2x-1024x943.png 1024w, https:\/\/kamimadesign.com\/wp-content\/uploads\/2019\/11\/Layer-2@2x-600x552.png 600w, https:\/\/kamimadesign.com\/wp-content\/uploads\/2019\/11\/Layer-2@2x-300x276.png 300w, https:\/\/kamimadesign.com\/wp-content\/uploads\/2019\/11\/Layer-2@2x-768x707.png 768w, https:\/\/kamimadesign.com\/wp-content\/uploads\/2019\/11\/Layer-2@2x-684x630.png 684w, https:\/\/kamimadesign.com\/wp-content\/uploads\/2019\/11\/Layer-2@2x.png 1540w\" sizes=\"auto, (max-width: 1024px) 100vw, 1024px\" \/><\/figure>\n<\/div>\n\n\n<p class=\"has-text-align-center\">Spolo\u010dn\u00e9 kontroln\u00e9 zna\u010dky Dohovore o kontrole a ozna\u010dovan\u00ed v\u00fdrobkov z drah\u00fdch kovov.<\/p>\n\n\n<div class=\"wp-block-image\">\n<figure class=\"aligncenter\"><img loading=\"lazy\" decoding=\"async\" width=\"1024\" height=\"419\" src=\"https:\/\/kamimadesign.com\/wp-content\/uploads\/2019\/11\/Layer-3@2x-1024x419.png\" alt=\"\" class=\"wp-image-244\" srcset=\"https:\/\/kamimadesign.com\/wp-content\/uploads\/2019\/11\/Layer-3@2x-1024x419.png 1024w, https:\/\/kamimadesign.com\/wp-content\/uploads\/2019\/11\/Layer-3@2x-600x245.png 600w, https:\/\/kamimadesign.com\/wp-content\/uploads\/2019\/11\/Layer-3@2x-300x123.png 300w, https:\/\/kamimadesign.com\/wp-content\/uploads\/2019\/11\/Layer-3@2x-768x314.png 768w, https:\/\/kamimadesign.com\/wp-content\/uploads\/2019\/11\/Layer-3@2x-1200x491.png 1200w, https:\/\/kamimadesign.com\/wp-content\/uploads\/2019\/11\/Layer-3@2x.png 1540w\" sizes=\"auto, (max-width: 1024px) 100vw, 1024px\" \/><\/figure>\n<\/div>\n\n\n<p>\u00a0<\/p>\n<p style=\"text-align: center;\">Viac inform\u00e1ci\u00ed na <a href=\"https:\/\/www.puncovyurad.sk\/\" target=\"_blank\" rel=\"noopener noreferrer\">Puncov\u00fd \u00farad Slovenskej republiky<\/a><\/p>\n","protected":false},"excerpt":{"rendered":"<p>Slovak hallmarks and signs Na zlat\u00fd tovar, strieborn\u00fd tovar a platinov\u00fd tovar Spolo\u010dn\u00e9 kontroln\u00e9 zna\u010dky Dohovore o kontrole a ozna\u010dovan\u00ed v\u00fdrobkov z drah\u00fdch kovov. \u00a0 Viac inform\u00e1ci\u00ed na Puncov\u00fd \u00farad Slovenskej republiky<\/p>\n","protected":false},"author":2,"featured_media":0,"parent":0,"menu_order":0,"comment_status":"closed","ping_status":"closed","template":"templates\/punc.php","meta":{"_acf_changed":false,"footnotes":""},"class_list":["post-855","page","type-page","status-publish","hentry"],"acf":[],"yoast_head":"<!-- This site is optimized with the Yoast SEO plugin v27.4 - https:\/\/yoast.com\/product\/yoast-seo-wordpress\/ -->\n<title>HALLMARKS | Kamima Design Jewellery<\/title>\n<meta name=\"robots\" content=\"index, follow, max-snippet:-1, max-image-preview:large, max-video-preview:-1\" \/>\n<link rel=\"canonical\" href=\"https:\/\/kamimadesign.com\/en\/puncove-znacky\/\" \/>\n<meta property=\"og:locale\" content=\"en_US\" \/>\n<meta property=\"og:type\" content=\"article\" \/>\n<meta property=\"og:title\" content=\"HALLMARKS | Kamima Design Jewellery\" \/>\n<meta property=\"og:description\" content=\"Slovak hallmarks and signs Na zlat\u00fd tovar, strieborn\u00fd tovar a platinov\u00fd tovar Spolo\u010dn\u00e9 kontroln\u00e9 zna\u010dky Dohovore o kontrole a ozna\u010dovan\u00ed v\u00fdrobkov z drah\u00fdch kovov. \u00a0 Viac inform\u00e1ci\u00ed na Puncov\u00fd \u00farad Slovenskej republiky\" \/>\n<meta property=\"og:url\" content=\"https:\/\/kamimadesign.com\/en\/puncove-znacky\/\" \/>\n<meta property=\"og:site_name\" content=\"Kamima Design Jewellery\" \/>\n<meta property=\"article:modified_time\" content=\"2023-11-07T08:37:05+00:00\" \/>\n<meta property=\"og:image\" content=\"https:\/\/kamimadesign.com\/wp-content\/uploads\/2019\/11\/Layer-2@2x-1024x943.png\" \/>\n<meta name=\"twitter:card\" content=\"summary_large_image\" \/>\n<meta name=\"twitter:label1\" content=\"Est. reading time\" \/>\n\t<meta name=\"twitter:data1\" content=\"1 minute\" \/>\n<script type=\"application\/ld+json\" class=\"yoast-schema-graph\">{\"@context\":\"https:\\\/\\\/schema.org\",\"@graph\":[{\"@type\":\"WebPage\",\"@id\":\"https:\\\/\\\/kamimadesign.com\\\/en\\\/puncove-znacky\\\/\",\"url\":\"https:\\\/\\\/kamimadesign.com\\\/en\\\/puncove-znacky\\\/\",\"name\":\"HALLMARKS | Kamima Design Jewellery\",\"isPartOf\":{\"@id\":\"https:\\\/\\\/kamimadesign.com\\\/en\\\/#website\"},\"primaryImageOfPage\":{\"@id\":\"https:\\\/\\\/kamimadesign.com\\\/en\\\/puncove-znacky\\\/#primaryimage\"},\"image\":{\"@id\":\"https:\\\/\\\/kamimadesign.com\\\/en\\\/puncove-znacky\\\/#primaryimage\"},\"thumbnailUrl\":\"https:\\\/\\\/kamimadesign.com\\\/wp-content\\\/uploads\\\/2019\\\/11\\\/Layer-2@2x-1024x943.png\",\"datePublished\":\"2019-11-10T12:51:22+00:00\",\"dateModified\":\"2023-11-07T08:37:05+00:00\",\"breadcrumb\":{\"@id\":\"https:\\\/\\\/kamimadesign.com\\\/en\\\/puncove-znacky\\\/#breadcrumb\"},\"inLanguage\":\"en-US\",\"potentialAction\":[{\"@type\":\"ReadAction\",\"target\":[\"https:\\\/\\\/kamimadesign.com\\\/en\\\/puncove-znacky\\\/\"]}]},{\"@type\":\"ImageObject\",\"inLanguage\":\"en-US\",\"@id\":\"https:\\\/\\\/kamimadesign.com\\\/en\\\/puncove-znacky\\\/#primaryimage\",\"url\":\"https:\\\/\\\/kamimadesign.com\\\/wp-content\\\/uploads\\\/2019\\\/11\\\/Layer-2@2x-1024x943.png\",\"contentUrl\":\"https:\\\/\\\/kamimadesign.com\\\/wp-content\\\/uploads\\\/2019\\\/11\\\/Layer-2@2x-1024x943.png\"},{\"@type\":\"BreadcrumbList\",\"@id\":\"https:\\\/\\\/kamimadesign.com\\\/en\\\/puncove-znacky\\\/#breadcrumb\",\"itemListElement\":[{\"@type\":\"ListItem\",\"position\":1,\"name\":\"Home\",\"item\":\"https:\\\/\\\/kamimadesign.com\\\/en\\\/\"},{\"@type\":\"ListItem\",\"position\":2,\"name\":\"HALLMARKS\"}]},{\"@type\":\"WebSite\",\"@id\":\"https:\\\/\\\/kamimadesign.com\\\/en\\\/#website\",\"url\":\"https:\\\/\\\/kamimadesign.com\\\/en\\\/\",\"name\":\"Kamima Design Jewellery\",\"description\":\"\",\"publisher\":{\"@id\":\"https:\\\/\\\/kamimadesign.com\\\/en\\\/#organization\"},\"potentialAction\":[{\"@type\":\"SearchAction\",\"target\":{\"@type\":\"EntryPoint\",\"urlTemplate\":\"https:\\\/\\\/kamimadesign.com\\\/en\\\/?s={search_term_string}\"},\"query-input\":{\"@type\":\"PropertyValueSpecification\",\"valueRequired\":true,\"valueName\":\"search_term_string\"}}],\"inLanguage\":\"en-US\"},{\"@type\":\"Organization\",\"@id\":\"https:\\\/\\\/kamimadesign.com\\\/en\\\/#organization\",\"name\":\"Kamima Design Jewellry\",\"url\":\"https:\\\/\\\/kamimadesign.com\\\/en\\\/\",\"logo\":{\"@type\":\"ImageObject\",\"inLanguage\":\"en-US\",\"@id\":\"https:\\\/\\\/kamimadesign.com\\\/en\\\/#\\\/schema\\\/logo\\\/image\\\/\",\"url\":\"https:\\\/\\\/kamimadesign.com\\\/wp-content\\\/uploads\\\/2019\\\/11\\\/logo-kamima-final-s-R-big.png\",\"contentUrl\":\"https:\\\/\\\/kamimadesign.com\\\/wp-content\\\/uploads\\\/2019\\\/11\\\/logo-kamima-final-s-R-big.png\",\"width\":1420,\"height\":1420,\"caption\":\"Kamima Design Jewellry\"},\"image\":{\"@id\":\"https:\\\/\\\/kamimadesign.com\\\/en\\\/#\\\/schema\\\/logo\\\/image\\\/\"}}]}<\/script>\n<!-- \/ Yoast SEO plugin. -->","yoast_head_json":{"title":"HALLMARKS | Kamima Design Jewellery","robots":{"index":"index","follow":"follow","max-snippet":"max-snippet:-1","max-image-preview":"max-image-preview:large","max-video-preview":"max-video-preview:-1"},"canonical":"https:\/\/kamimadesign.com\/en\/puncove-znacky\/","og_locale":"en_US","og_type":"article","og_title":"HALLMARKS | Kamima Design Jewellery","og_description":"Slovak hallmarks and signs Na zlat\u00fd tovar, strieborn\u00fd tovar a platinov\u00fd tovar Spolo\u010dn\u00e9 kontroln\u00e9 zna\u010dky Dohovore o kontrole a ozna\u010dovan\u00ed v\u00fdrobkov z drah\u00fdch kovov. \u00a0 Viac inform\u00e1ci\u00ed na Puncov\u00fd \u00farad Slovenskej republiky","og_url":"https:\/\/kamimadesign.com\/en\/puncove-znacky\/","og_site_name":"Kamima Design Jewellery","article_modified_time":"2023-11-07T08:37:05+00:00","og_image":[{"url":"https:\/\/kamimadesign.com\/wp-content\/uploads\/2019\/11\/Layer-2@2x-1024x943.png","type":"","width":"","height":""}],"twitter_card":"summary_large_image","twitter_misc":{"Est. reading time":"1 minute"},"schema":{"@context":"https:\/\/schema.org","@graph":[{"@type":"WebPage","@id":"https:\/\/kamimadesign.com\/en\/puncove-znacky\/","url":"https:\/\/kamimadesign.com\/en\/puncove-znacky\/","name":"HALLMARKS | Kamima Design Jewellery","isPartOf":{"@id":"https:\/\/kamimadesign.com\/en\/#website"},"primaryImageOfPage":{"@id":"https:\/\/kamimadesign.com\/en\/puncove-znacky\/#primaryimage"},"image":{"@id":"https:\/\/kamimadesign.com\/en\/puncove-znacky\/#primaryimage"},"thumbnailUrl":"https:\/\/kamimadesign.com\/wp-content\/uploads\/2019\/11\/Layer-2@2x-1024x943.png","datePublished":"2019-11-10T12:51:22+00:00","dateModified":"2023-11-07T08:37:05+00:00","breadcrumb":{"@id":"https:\/\/kamimadesign.com\/en\/puncove-znacky\/#breadcrumb"},"inLanguage":"en-US","potentialAction":[{"@type":"ReadAction","target":["https:\/\/kamimadesign.com\/en\/puncove-znacky\/"]}]},{"@type":"ImageObject","inLanguage":"en-US","@id":"https:\/\/kamimadesign.com\/en\/puncove-znacky\/#primaryimage","url":"https:\/\/kamimadesign.com\/wp-content\/uploads\/2019\/11\/Layer-2@2x-1024x943.png","contentUrl":"https:\/\/kamimadesign.com\/wp-content\/uploads\/2019\/11\/Layer-2@2x-1024x943.png"},{"@type":"BreadcrumbList","@id":"https:\/\/kamimadesign.com\/en\/puncove-znacky\/#breadcrumb","itemListElement":[{"@type":"ListItem","position":1,"name":"Home","item":"https:\/\/kamimadesign.com\/en\/"},{"@type":"ListItem","position":2,"name":"HALLMARKS"}]},{"@type":"WebSite","@id":"https:\/\/kamimadesign.com\/en\/#website","url":"https:\/\/kamimadesign.com\/en\/","name":"Kamima Design Jewellery","description":"","publisher":{"@id":"https:\/\/kamimadesign.com\/en\/#organization"},"potentialAction":[{"@type":"SearchAction","target":{"@type":"EntryPoint","urlTemplate":"https:\/\/kamimadesign.com\/en\/?s={search_term_string}"},"query-input":{"@type":"PropertyValueSpecification","valueRequired":true,"valueName":"search_term_string"}}],"inLanguage":"en-US"},{"@type":"Organization","@id":"https:\/\/kamimadesign.com\/en\/#organization","name":"Kamima Design Jewellry","url":"https:\/\/kamimadesign.com\/en\/","logo":{"@type":"ImageObject","inLanguage":"en-US","@id":"https:\/\/kamimadesign.com\/en\/#\/schema\/logo\/image\/","url":"https:\/\/kamimadesign.com\/wp-content\/uploads\/2019\/11\/logo-kamima-final-s-R-big.png","contentUrl":"https:\/\/kamimadesign.com\/wp-content\/uploads\/2019\/11\/logo-kamima-final-s-R-big.png","width":1420,"height":1420,"caption":"Kamima Design Jewellry"},"image":{"@id":"https:\/\/kamimadesign.com\/en\/#\/schema\/logo\/image\/"}}]}},"_links":{"self":[{"href":"https:\/\/kamimadesign.com\/en\/wp-json\/wp\/v2\/pages\/855","targetHints":{"allow":["GET"]}}],"collection":[{"href":"https:\/\/kamimadesign.com\/en\/wp-json\/wp\/v2\/pages"}],"about":[{"href":"https:\/\/kamimadesign.com\/en\/wp-json\/wp\/v2\/types\/page"}],"author":[{"embeddable":true,"href":"https:\/\/kamimadesign.com\/en\/wp-json\/wp\/v2\/users\/2"}],"replies":[{"embeddable":true,"href":"https:\/\/kamimadesign.com\/en\/wp-json\/wp\/v2\/comments?post=855"}],"version-history":[{"count":5,"href":"https:\/\/kamimadesign.com\/en\/wp-json\/wp\/v2\/pages\/855\/revisions"}],"predecessor-version":[{"id":9611,"href":"https:\/\/kamimadesign.com\/en\/wp-json\/wp\/v2\/pages\/855\/revisions\/9611"}],"wp:attachment":[{"href":"https:\/\/kamimadesign.com\/en\/wp-json\/wp\/v2\/media?parent=855"}],"curies":[{"name":"wp","href":"https:\/\/api.w.org\/{rel}","templated":true}]}}